{"id":3590,"date":"2021-06-16T11:20:09","date_gmt":"2021-06-16T08:20:09","guid":{"rendered":"http:\/\/aliagagemi.com\/?page_id=3590"},"modified":"2021-06-16T11:20:09","modified_gmt":"2021-06-16T08:20:09","slug":"videolar","status":"publish","type":"page","link":"http:\/\/aliagagemi.com\/en\/videolar\/","title":{"rendered":"Video"},"content":{"rendered":"<div class=\"aiovg aiovg-videos aiovg-videos-template-classic\">\n\t<div class=\"aiovg-row\">            \n        <div class=\"aiovg-col aiovg-col-3\">\n            \n<div class=\"aiovg-thumbnail aiovg-thumbnail-style-image-top\" data-id=\"3608\">\n    <a href=\"http:\/\/aliagagemi.com\/en\/aiovg_videos\/atlantic-rotterdam\/\" class=\"aiovg-responsive-container\" style=\"padding-bottom: 56.25%;\">\n        <img decoding=\"async\" src=\"https:\/\/img.youtube.com\/vi\/8JVahLhh1kc\/mqdefault.jpg\" alt=\"Atlantic Rotterdam\" class=\"aiovg-responsive-element\" \/>                    \n        \n                \n        <svg class=\"aiovg-svg-icon aiovg-svg-icon-play\" width=\"32\" height=\"32\" viewbox=\"0 0 32 32\">\n            <path d=\"M16 0c-8.837 0-16 7.163-16 16s7.163 16 16 16 16-7.163 16-16-7.163-16-16-16zM16 29c-7.18 0-13-5.82-13-13s5.82-13 13-13 13 5.82 13 13-5.82 13-13 13zM12 9l12 7-12 7z\"><\/path>\n        <\/svg>\n    <\/a>    \t\n    \n    <div class=\"aiovg-caption\">\n                    <div class=\"aiovg-title\">\n                <a href=\"http:\/\/aliagagemi.com\/en\/aiovg_videos\/atlantic-rotterdam\/\" class=\"aiovg-link-title\">Atlantic Rotterdam<\/a>\n            <\/div>\n        \n                    \n                \n        <div class=\"aiovg-category\"><svg class=\"aiovg-svg-icon aiovg-svg-icon-categories\" width=\"16\" height=\"16\" viewbox=\"0 0 32 32\"><path d=\"M26 30l6-16h-26l-6 16zM4 12l-4 18v-26h9l4 4h13v4z\"><\/path><\/svg> <a href=\"http:\/\/aliagagemi.com\/en\/video-category\/gemi-ve-platform-sokum-video\/\" class=\"aiovg-link-category\">Ship and Platform Dismantling<\/a><\/div>\n                \n                    <div class=\"aiovg-views aiovg-text-muted\">\n                <svg class=\"aiovg-svg-icon aiovg-svg-icon-views\" width=\"16\" height=\"16\" viewbox=\"0 0 32 32\">\n                    <path d=\"M16 6c-6.979 0-13.028 4.064-16 10 2.972 5.936 9.021 10 16 10s13.027-4.064 16-10c-2.972-5.936-9.021-10-16-10zM23.889 11.303c1.88 1.199 3.473 2.805 4.67 4.697-1.197 1.891-2.79 3.498-4.67 4.697-2.362 1.507-5.090 2.303-7.889 2.303s-5.527-0.796-7.889-2.303c-1.88-1.199-3.473-2.805-4.67-4.697 1.197-1.891 2.79-3.498 4.67-4.697 0.122-0.078 0.246-0.154 0.371-0.228-0.311 0.854-0.482 1.776-0.482 2.737 0 4.418 3.582 8 8 8s8-3.582 8-8c0-0.962-0.17-1.883-0.482-2.737 0.124 0.074 0.248 0.15 0.371 0.228v0zM16 13c0 1.657-1.343 3-3 3s-3-1.343-3-3 1.343-3 3-3 3 1.343 3 3z\"><\/path>\n                <\/svg> \n                5 views            <\/div>\n            <\/div>\n<\/div>            \n        <\/div>                \n                    \n        <div class=\"aiovg-col aiovg-col-3\">\n            \n<div class=\"aiovg-thumbnail aiovg-thumbnail-style-image-top\" data-id=\"3607\">\n    <a href=\"http:\/\/aliagagemi.com\/en\/aiovg_videos\/aliaga-gemi-geri-donusum-belgeseli\/\" class=\"aiovg-responsive-container\" style=\"padding-bottom: 56.25%;\">\n        <img decoding=\"async\" src=\"https:\/\/img.youtube.com\/vi\/WCOo2NX-T7Y\/mqdefault.jpg\" alt=\"Alia\u011fa Gemi Geri D\u00f6n\u00fc\u015f\u00fcm Belgeseli\" class=\"aiovg-responsive-element\" \/>                    \n        \n                \n        <svg class=\"aiovg-svg-icon aiovg-svg-icon-play\" width=\"32\" height=\"32\" viewbox=\"0 0 32 32\">\n            <path d=\"M16 0c-8.837 0-16 7.163-16 16s7.163 16 16 16 16-7.163 16-16-7.163-16-16-16zM16 29c-7.18 0-13-5.82-13-13s5.82-13 13-13 13 5.82 13 13-5.82 13-13 13zM12 9l12 7-12 7z\"><\/path>\n        <\/svg>\n    <\/a>    \t\n    \n    <div class=\"aiovg-caption\">\n                    <div class=\"aiovg-title\">\n                <a href=\"http:\/\/aliagagemi.com\/en\/aiovg_videos\/aliaga-gemi-geri-donusum-belgeseli\/\" class=\"aiovg-link-title\">Alia\u011fa Gemi Geri D\u00f6n\u00fc\u015f\u00fcm Belgeseli<\/a>\n            <\/div>\n        \n                    \n                \n        <div class=\"aiovg-category\"><svg class=\"aiovg-svg-icon aiovg-svg-icon-categories\" width=\"16\" height=\"16\" viewbox=\"0 0 32 32\"><path d=\"M26 30l6-16h-26l-6 16zM4 12l-4 18v-26h9l4 4h13v4z\"><\/path><\/svg> <a href=\"http:\/\/aliagagemi.com\/en\/video-category\/gemi-ve-platform-sokum-video\/\" class=\"aiovg-link-category\">Ship and Platform Dismantling<\/a><\/div>\n                \n                    <div class=\"aiovg-views aiovg-text-muted\">\n                <svg class=\"aiovg-svg-icon aiovg-svg-icon-views\" width=\"16\" height=\"16\" viewbox=\"0 0 32 32\">\n                    <path d=\"M16 6c-6.979 0-13.028 4.064-16 10 2.972 5.936 9.021 10 16 10s13.027-4.064 16-10c-2.972-5.936-9.021-10-16-10zM23.889 11.303c1.88 1.199 3.473 2.805 4.67 4.697-1.197 1.891-2.79 3.498-4.67 4.697-2.362 1.507-5.090 2.303-7.889 2.303s-5.527-0.796-7.889-2.303c-1.88-1.199-3.473-2.805-4.67-4.697 1.197-1.891 2.79-3.498 4.67-4.697 0.122-0.078 0.246-0.154 0.371-0.228-0.311 0.854-0.482 1.776-0.482 2.737 0 4.418 3.582 8 8 8s8-3.582 8-8c0-0.962-0.17-1.883-0.482-2.737 0.124 0.074 0.248 0.15 0.371 0.228v0zM16 13c0 1.657-1.343 3-3 3s-3-1.343-3-3 1.343-3 3-3 3 1.343 3 3z\"><\/path>\n                <\/svg> \n                12 views            <\/div>\n            <\/div>\n<\/div>            \n        <\/div>                \n                    \n        <div class=\"aiovg-col aiovg-col-3\">\n            \n<div class=\"aiovg-thumbnail aiovg-thumbnail-style-image-top\" data-id=\"3606\">\n    <a href=\"http:\/\/aliagagemi.com\/en\/aiovg_videos\/deborah-petrol-platformu\/\" class=\"aiovg-responsive-container\" style=\"padding-bottom: 56.25%;\">\n        <img decoding=\"async\" src=\"https:\/\/img.youtube.com\/vi\/RmgbIzr7slo\/mqdefault.jpg\" alt=\"Deborah Petrol Platformu\" class=\"aiovg-responsive-element\" \/>                    \n        \n                \n        <svg class=\"aiovg-svg-icon aiovg-svg-icon-play\" width=\"32\" height=\"32\" viewbox=\"0 0 32 32\">\n            <path d=\"M16 0c-8.837 0-16 7.163-16 16s7.163 16 16 16 16-7.163 16-16-7.163-16-16-16zM16 29c-7.18 0-13-5.82-13-13s5.82-13 13-13 13 5.82 13 13-5.82 13-13 13zM12 9l12 7-12 7z\"><\/path>\n        <\/svg>\n    <\/a>    \t\n    \n    <div class=\"aiovg-caption\">\n                    <div class=\"aiovg-title\">\n                <a href=\"http:\/\/aliagagemi.com\/en\/aiovg_videos\/deborah-petrol-platformu\/\" class=\"aiovg-link-title\">Deborah Petrol Platformu<\/a>\n            <\/div>\n        \n                    \n                \n        <div class=\"aiovg-category\"><svg class=\"aiovg-svg-icon aiovg-svg-icon-categories\" width=\"16\" height=\"16\" viewbox=\"0 0 32 32\"><path d=\"M26 30l6-16h-26l-6 16zM4 12l-4 18v-26h9l4 4h13v4z\"><\/path><\/svg> <a href=\"http:\/\/aliagagemi.com\/en\/video-category\/gemi-ve-platform-sokum-video\/\" class=\"aiovg-link-category\">Ship and Platform Dismantling<\/a><\/div>\n                \n                    <div class=\"aiovg-views aiovg-text-muted\">\n                <svg class=\"aiovg-svg-icon aiovg-svg-icon-views\" width=\"16\" height=\"16\" viewbox=\"0 0 32 32\">\n                    <path d=\"M16 6c-6.979 0-13.028 4.064-16 10 2.972 5.936 9.021 10 16 10s13.027-4.064 16-10c-2.972-5.936-9.021-10-16-10zM23.889 11.303c1.88 1.199 3.473 2.805 4.67 4.697-1.197 1.891-2.79 3.498-4.67 4.697-2.362 1.507-5.090 2.303-7.889 2.303s-5.527-0.796-7.889-2.303c-1.88-1.199-3.473-2.805-4.67-4.697 1.197-1.891 2.79-3.498 4.67-4.697 0.122-0.078 0.246-0.154 0.371-0.228-0.311 0.854-0.482 1.776-0.482 2.737 0 4.418 3.582 8 8 8s8-3.582 8-8c0-0.962-0.17-1.883-0.482-2.737 0.124 0.074 0.248 0.15 0.371 0.228v0zM16 13c0 1.657-1.343 3-3 3s-3-1.343-3-3 1.343-3 3-3 3 1.343 3 3z\"><\/path>\n                <\/svg> \n                1 views            <\/div>\n            <\/div>\n<\/div>            \n        <\/div>                \n        <\/div><div class=\"aiovg-row\">            \n        <div class=\"aiovg-col aiovg-col-3\">\n            \n<div class=\"aiovg-thumbnail aiovg-thumbnail-style-image-top\" data-id=\"3604\">\n    <a href=\"http:\/\/aliagagemi.com\/en\/aiovg_videos\/vulkan\/\" class=\"aiovg-responsive-container\" style=\"padding-bottom: 56.25%;\">\n        <img decoding=\"async\" src=\"https:\/\/img.youtube.com\/vi\/EAsnP0R8yPU\/mqdefault.jpg\" alt=\"Vulkan\" class=\"aiovg-responsive-element\" \/>                    \n        \n                \n        <svg class=\"aiovg-svg-icon aiovg-svg-icon-play\" width=\"32\" height=\"32\" viewbox=\"0 0 32 32\">\n            <path d=\"M16 0c-8.837 0-16 7.163-16 16s7.163 16 16 16 16-7.163 16-16-7.163-16-16-16zM16 29c-7.18 0-13-5.82-13-13s5.82-13 13-13 13 5.82 13 13-5.82 13-13 13zM12 9l12 7-12 7z\"><\/path>\n        <\/svg>\n    <\/a>    \t\n    \n    <div class=\"aiovg-caption\">\n                    <div class=\"aiovg-title\">\n                <a href=\"http:\/\/aliagagemi.com\/en\/aiovg_videos\/vulkan\/\" class=\"aiovg-link-title\">Vulkan<\/a>\n            <\/div>\n        \n                    \n                \n        <div class=\"aiovg-category\"><svg class=\"aiovg-svg-icon aiovg-svg-icon-categories\" width=\"16\" height=\"16\" viewbox=\"0 0 32 32\"><path d=\"M26 30l6-16h-26l-6 16zM4 12l-4 18v-26h9l4 4h13v4z\"><\/path><\/svg> <a href=\"http:\/\/aliagagemi.com\/en\/video-category\/gemi-ve-platform-sokum-video\/\" class=\"aiovg-link-category\">Ship and Platform Dismantling<\/a><\/div>\n                \n                    <div class=\"aiovg-views aiovg-text-muted\">\n                <svg class=\"aiovg-svg-icon aiovg-svg-icon-views\" width=\"16\" height=\"16\" viewbox=\"0 0 32 32\">\n                    <path d=\"M16 6c-6.979 0-13.028 4.064-16 10 2.972 5.936 9.021 10 16 10s13.027-4.064 16-10c-2.972-5.936-9.021-10-16-10zM23.889 11.303c1.88 1.199 3.473 2.805 4.67 4.697-1.197 1.891-2.79 3.498-4.67 4.697-2.362 1.507-5.090 2.303-7.889 2.303s-5.527-0.796-7.889-2.303c-1.88-1.199-3.473-2.805-4.67-4.697 1.197-1.891 2.79-3.498 4.67-4.697 0.122-0.078 0.246-0.154 0.371-0.228-0.311 0.854-0.482 1.776-0.482 2.737 0 4.418 3.582 8 8 8s8-3.582 8-8c0-0.962-0.17-1.883-0.482-2.737 0.124 0.074 0.248 0.15 0.371 0.228v0zM16 13c0 1.657-1.343 3-3 3s-3-1.343-3-3 1.343-3 3-3 3 1.343 3 3z\"><\/path>\n                <\/svg> \n                6 views            <\/div>\n            <\/div>\n<\/div>            \n        <\/div>                \n                    \n        <div class=\"aiovg-col aiovg-col-3\">\n            \n<div class=\"aiovg-thumbnail aiovg-thumbnail-style-image-top\" data-id=\"3603\">\n    <a href=\"http:\/\/aliagagemi.com\/en\/aiovg_videos\/petrobras-petrol-platformlari-brezilyadan-izmire-getirildi\/\" class=\"aiovg-responsive-container\" style=\"padding-bottom: 56.25%;\">\n        <img decoding=\"async\" src=\"https:\/\/img.youtube.com\/vi\/7IJgJETL2is\/mqdefault.jpg\" alt=\"Petrobras Petrol Platformlar\u0131 Brezilya&#8217;dan \u0130zmir&#8217;e getirildi.\" class=\"aiovg-responsive-element\" \/>                    \n        \n                \n        <svg class=\"aiovg-svg-icon aiovg-svg-icon-play\" width=\"32\" height=\"32\" viewbox=\"0 0 32 32\">\n            <path d=\"M16 0c-8.837 0-16 7.163-16 16s7.163 16 16 16 16-7.163 16-16-7.163-16-16-16zM16 29c-7.18 0-13-5.82-13-13s5.82-13 13-13 13 5.82 13 13-5.82 13-13 13zM12 9l12 7-12 7z\"><\/path>\n        <\/svg>\n    <\/a>    \t\n    \n    <div class=\"aiovg-caption\">\n                    <div class=\"aiovg-title\">\n                <a href=\"http:\/\/aliagagemi.com\/en\/aiovg_videos\/petrobras-petrol-platformlari-brezilyadan-izmire-getirildi\/\" class=\"aiovg-link-title\">Petrobras Petrol Platformlar\u0131 Brezilya&#8217;dan \u0130zmir&#8217;e getirildi.<\/a>\n            <\/div>\n        \n                    \n                \n        <div class=\"aiovg-category\"><svg class=\"aiovg-svg-icon aiovg-svg-icon-categories\" width=\"16\" height=\"16\" viewbox=\"0 0 32 32\"><path d=\"M26 30l6-16h-26l-6 16zM4 12l-4 18v-26h9l4 4h13v4z\"><\/path><\/svg> <a href=\"http:\/\/aliagagemi.com\/en\/video-category\/gemi-ve-platform-sokum-video\/\" class=\"aiovg-link-category\">Ship and Platform Dismantling<\/a><\/div>\n                \n                    <div class=\"aiovg-views aiovg-text-muted\">\n                <svg class=\"aiovg-svg-icon aiovg-svg-icon-views\" width=\"16\" height=\"16\" viewbox=\"0 0 32 32\">\n                    <path d=\"M16 6c-6.979 0-13.028 4.064-16 10 2.972 5.936 9.021 10 16 10s13.027-4.064 16-10c-2.972-5.936-9.021-10-16-10zM23.889 11.303c1.88 1.199 3.473 2.805 4.67 4.697-1.197 1.891-2.79 3.498-4.67 4.697-2.362 1.507-5.090 2.303-7.889 2.303s-5.527-0.796-7.889-2.303c-1.88-1.199-3.473-2.805-4.67-4.697 1.197-1.891 2.79-3.498 4.67-4.697 0.122-0.078 0.246-0.154 0.371-0.228-0.311 0.854-0.482 1.776-0.482 2.737 0 4.418 3.582 8 8 8s8-3.582 8-8c0-0.962-0.17-1.883-0.482-2.737 0.124 0.074 0.248 0.15 0.371 0.228v0zM16 13c0 1.657-1.343 3-3 3s-3-1.343-3-3 1.343-3 3-3 3 1.343 3 3z\"><\/path>\n                <\/svg> \n                9 views            <\/div>\n            <\/div>\n<\/div>            \n        <\/div>                \n                    \n        <div class=\"aiovg-col aiovg-col-3\">\n            \n<div class=\"aiovg-thumbnail aiovg-thumbnail-style-image-top\" data-id=\"3602\">\n    <a href=\"http:\/\/aliagagemi.com\/en\/aiovg_videos\/safe-hibernia-petrol-platformu\/\" class=\"aiovg-responsive-container\" style=\"padding-bottom: 56.25%;\">\n        <img decoding=\"async\" src=\"https:\/\/img.youtube.com\/vi\/nfsGMPee-p8\/mqdefault.jpg\" alt=\"Safe Hibernia Petrol Platformu\" class=\"aiovg-responsive-element\" \/>                    \n        \n                \n        <svg class=\"aiovg-svg-icon aiovg-svg-icon-play\" width=\"32\" height=\"32\" viewbox=\"0 0 32 32\">\n            <path d=\"M16 0c-8.837 0-16 7.163-16 16s7.163 16 16 16 16-7.163 16-16-7.163-16-16-16zM16 29c-7.18 0-13-5.82-13-13s5.82-13 13-13 13 5.82 13 13-5.82 13-13 13zM12 9l12 7-12 7z\"><\/path>\n        <\/svg>\n    <\/a>    \t\n    \n    <div class=\"aiovg-caption\">\n                    <div class=\"aiovg-title\">\n                <a href=\"http:\/\/aliagagemi.com\/en\/aiovg_videos\/safe-hibernia-petrol-platformu\/\" class=\"aiovg-link-title\">Safe Hibernia Petrol Platformu<\/a>\n            <\/div>\n        \n                    \n                \n        <div class=\"aiovg-category\"><svg class=\"aiovg-svg-icon aiovg-svg-icon-categories\" width=\"16\" height=\"16\" viewbox=\"0 0 32 32\"><path d=\"M26 30l6-16h-26l-6 16zM4 12l-4 18v-26h9l4 4h13v4z\"><\/path><\/svg> <a href=\"http:\/\/aliagagemi.com\/en\/video-category\/gemi-ve-platform-sokum-video\/\" class=\"aiovg-link-category\">Ship and Platform Dismantling<\/a><\/div>\n                \n                    <div class=\"aiovg-views aiovg-text-muted\">\n                <svg class=\"aiovg-svg-icon aiovg-svg-icon-views\" width=\"16\" height=\"16\" viewbox=\"0 0 32 32\">\n                    <path d=\"M16 6c-6.979 0-13.028 4.064-16 10 2.972 5.936 9.021 10 16 10s13.027-4.064 16-10c-2.972-5.936-9.021-10-16-10zM23.889 11.303c1.88 1.199 3.473 2.805 4.67 4.697-1.197 1.891-2.79 3.498-4.67 4.697-2.362 1.507-5.090 2.303-7.889 2.303s-5.527-0.796-7.889-2.303c-1.88-1.199-3.473-2.805-4.67-4.697 1.197-1.891 2.79-3.498 4.67-4.697 0.122-0.078 0.246-0.154 0.371-0.228-0.311 0.854-0.482 1.776-0.482 2.737 0 4.418 3.582 8 8 8s8-3.582 8-8c0-0.962-0.17-1.883-0.482-2.737 0.124 0.074 0.248 0.15 0.371 0.228v0zM16 13c0 1.657-1.343 3-3 3s-3-1.343-3-3 1.343-3 3-3 3 1.343 3 3z\"><\/path>\n                <\/svg> \n                1 views            <\/div>\n            <\/div>\n<\/div>            \n        <\/div>                \n        <\/div><div class=\"aiovg-row\">            \n        <div class=\"aiovg-col aiovg-col-3\">\n            \n<div class=\"aiovg-thumbnail aiovg-thumbnail-style-image-top\" data-id=\"3601\">\n    <a href=\"http:\/\/aliagagemi.com\/en\/aiovg_videos\/nsc-75\/\" class=\"aiovg-responsive-container\" style=\"padding-bottom: 56.25%;\">\n        <img decoding=\"async\" src=\"https:\/\/img.youtube.com\/vi\/cjgwpr2bUVU\/mqdefault.jpg\" alt=\"NSC 75\" class=\"aiovg-responsive-element\" \/>                    \n        \n                \n        <svg class=\"aiovg-svg-icon aiovg-svg-icon-play\" width=\"32\" height=\"32\" viewbox=\"0 0 32 32\">\n            <path d=\"M16 0c-8.837 0-16 7.163-16 16s7.163 16 16 16 16-7.163 16-16-7.163-16-16-16zM16 29c-7.18 0-13-5.82-13-13s5.82-13 13-13 13 5.82 13 13-5.82 13-13 13zM12 9l12 7-12 7z\"><\/path>\n        <\/svg>\n    <\/a>    \t\n    \n    <div class=\"aiovg-caption\">\n                    <div class=\"aiovg-title\">\n                <a href=\"http:\/\/aliagagemi.com\/en\/aiovg_videos\/nsc-75\/\" class=\"aiovg-link-title\">NSC 75<\/a>\n            <\/div>\n        \n                    \n                \n        <div class=\"aiovg-category\"><svg class=\"aiovg-svg-icon aiovg-svg-icon-categories\" width=\"16\" height=\"16\" viewbox=\"0 0 32 32\"><path d=\"M26 30l6-16h-26l-6 16zM4 12l-4 18v-26h9l4 4h13v4z\"><\/path><\/svg> <a href=\"http:\/\/aliagagemi.com\/en\/video-category\/gemi-ve-platform-sokum-video\/\" class=\"aiovg-link-category\">Ship and Platform Dismantling<\/a><\/div>\n                \n                    <div class=\"aiovg-views aiovg-text-muted\">\n                <svg class=\"aiovg-svg-icon aiovg-svg-icon-views\" width=\"16\" height=\"16\" viewbox=\"0 0 32 32\">\n                    <path d=\"M16 6c-6.979 0-13.028 4.064-16 10 2.972 5.936 9.021 10 16 10s13.027-4.064 16-10c-2.972-5.936-9.021-10-16-10zM23.889 11.303c1.88 1.199 3.473 2.805 4.67 4.697-1.197 1.891-2.79 3.498-4.67 4.697-2.362 1.507-5.090 2.303-7.889 2.303s-5.527-0.796-7.889-2.303c-1.88-1.199-3.473-2.805-4.67-4.697 1.197-1.891 2.79-3.498 4.67-4.697 0.122-0.078 0.246-0.154 0.371-0.228-0.311 0.854-0.482 1.776-0.482 2.737 0 4.418 3.582 8 8 8s8-3.582 8-8c0-0.962-0.17-1.883-0.482-2.737 0.124 0.074 0.248 0.15 0.371 0.228v0zM16 13c0 1.657-1.343 3-3 3s-3-1.343-3-3 1.343-3 3-3 3 1.343 3 3z\"><\/path>\n                <\/svg> \n                2 views            <\/div>\n            <\/div>\n<\/div>            \n        <\/div>                \n                    \n        <div class=\"aiovg-col aiovg-col-3\">\n            \n<div class=\"aiovg-thumbnail aiovg-thumbnail-style-image-top\" data-id=\"3600\">\n    <a href=\"http:\/\/aliagagemi.com\/en\/aiovg_videos\/eirik-raude\/\" class=\"aiovg-responsive-container\" style=\"padding-bottom: 56.25%;\">\n        <img decoding=\"async\" src=\"https:\/\/img.youtube.com\/vi\/T9nPEZtvPPE\/mqdefault.jpg\" alt=\"EIRIK RAUDE\" class=\"aiovg-responsive-element\" \/>                    \n        \n                \n        <svg class=\"aiovg-svg-icon aiovg-svg-icon-play\" width=\"32\" height=\"32\" viewbox=\"0 0 32 32\">\n            <path d=\"M16 0c-8.837 0-16 7.163-16 16s7.163 16 16 16 16-7.163 16-16-7.163-16-16-16zM16 29c-7.18 0-13-5.82-13-13s5.82-13 13-13 13 5.82 13 13-5.82 13-13 13zM12 9l12 7-12 7z\"><\/path>\n        <\/svg>\n    <\/a>    \t\n    \n    <div class=\"aiovg-caption\">\n                    <div class=\"aiovg-title\">\n                <a href=\"http:\/\/aliagagemi.com\/en\/aiovg_videos\/eirik-raude\/\" class=\"aiovg-link-title\">EIRIK RAUDE<\/a>\n            <\/div>\n        \n                    \n                \n        <div class=\"aiovg-category\"><svg class=\"aiovg-svg-icon aiovg-svg-icon-categories\" width=\"16\" height=\"16\" viewbox=\"0 0 32 32\"><path d=\"M26 30l6-16h-26l-6 16zM4 12l-4 18v-26h9l4 4h13v4z\"><\/path><\/svg> <a href=\"http:\/\/aliagagemi.com\/en\/video-category\/gemi-ve-platform-sokum-video\/\" class=\"aiovg-link-category\">Ship and Platform Dismantling<\/a><\/div>\n                \n                    <div class=\"aiovg-views aiovg-text-muted\">\n                <svg class=\"aiovg-svg-icon aiovg-svg-icon-views\" width=\"16\" height=\"16\" viewbox=\"0 0 32 32\">\n                    <path d=\"M16 6c-6.979 0-13.028 4.064-16 10 2.972 5.936 9.021 10 16 10s13.027-4.064 16-10c-2.972-5.936-9.021-10-16-10zM23.889 11.303c1.88 1.199 3.473 2.805 4.67 4.697-1.197 1.891-2.79 3.498-4.67 4.697-2.362 1.507-5.090 2.303-7.889 2.303s-5.527-0.796-7.889-2.303c-1.88-1.199-3.473-2.805-4.67-4.697 1.197-1.891 2.79-3.498 4.67-4.697 0.122-0.078 0.246-0.154 0.371-0.228-0.311 0.854-0.482 1.776-0.482 2.737 0 4.418 3.582 8 8 8s8-3.582 8-8c0-0.962-0.17-1.883-0.482-2.737 0.124 0.074 0.248 0.15 0.371 0.228v0zM16 13c0 1.657-1.343 3-3 3s-3-1.343-3-3 1.343-3 3-3 3 1.343 3 3z\"><\/path>\n                <\/svg> \n                1 views            <\/div>\n            <\/div>\n<\/div>            \n        <\/div>                \n                    \n        <div class=\"aiovg-col aiovg-col-3\">\n            \n<div class=\"aiovg-thumbnail aiovg-thumbnail-style-image-top\" data-id=\"3598\">\n    <a href=\"http:\/\/aliagagemi.com\/en\/aiovg_videos\/noble-homer-ferrington\/\" class=\"aiovg-responsive-container\" style=\"padding-bottom: 56.25%;\">\n        <img decoding=\"async\" src=\"https:\/\/img.youtube.com\/vi\/63DyjSBjRTQ\/mqdefault.jpg\" alt=\"Noble Homer Ferrington\" class=\"aiovg-responsive-element\" \/>                    \n        \n                \n        <svg class=\"aiovg-svg-icon aiovg-svg-icon-play\" width=\"32\" height=\"32\" viewbox=\"0 0 32 32\">\n            <path d=\"M16 0c-8.837 0-16 7.163-16 16s7.163 16 16 16 16-7.163 16-16-7.163-16-16-16zM16 29c-7.18 0-13-5.82-13-13s5.82-13 13-13 13 5.82 13 13-5.82 13-13 13zM12 9l12 7-12 7z\"><\/path>\n        <\/svg>\n    <\/a>    \t\n    \n    <div class=\"aiovg-caption\">\n                    <div class=\"aiovg-title\">\n                <a href=\"http:\/\/aliagagemi.com\/en\/aiovg_videos\/noble-homer-ferrington\/\" class=\"aiovg-link-title\">Noble Homer Ferrington<\/a>\n            <\/div>\n        \n                    \n                \n        <div class=\"aiovg-category\"><svg class=\"aiovg-svg-icon aiovg-svg-icon-categories\" width=\"16\" height=\"16\" viewbox=\"0 0 32 32\"><path d=\"M26 30l6-16h-26l-6 16zM4 12l-4 18v-26h9l4 4h13v4z\"><\/path><\/svg> <a href=\"http:\/\/aliagagemi.com\/en\/video-category\/gemi-ve-platform-sokum-video\/\" class=\"aiovg-link-category\">Ship and Platform Dismantling<\/a><\/div>\n                \n                    <div class=\"aiovg-views aiovg-text-muted\">\n                <svg class=\"aiovg-svg-icon aiovg-svg-icon-views\" width=\"16\" height=\"16\" viewbox=\"0 0 32 32\">\n                    <path d=\"M16 6c-6.979 0-13.028 4.064-16 10 2.972 5.936 9.021 10 16 10s13.027-4.064 16-10c-2.972-5.936-9.021-10-16-10zM23.889 11.303c1.88 1.199 3.473 2.805 4.67 4.697-1.197 1.891-2.79 3.498-4.67 4.697-2.362 1.507-5.090 2.303-7.889 2.303s-5.527-0.796-7.889-2.303c-1.88-1.199-3.473-2.805-4.67-4.697 1.197-1.891 2.79-3.498 4.67-4.697 0.122-0.078 0.246-0.154 0.371-0.228-0.311 0.854-0.482 1.776-0.482 2.737 0 4.418 3.582 8 8 8s8-3.582 8-8c0-0.962-0.17-1.883-0.482-2.737 0.124 0.074 0.248 0.15 0.371 0.228v0zM16 13c0 1.657-1.343 3-3 3s-3-1.343-3-3 1.343-3 3-3 3 1.343 3 3z\"><\/path>\n                <\/svg> \n                2 views            <\/div>\n            <\/div>\n<\/div>            \n        <\/div>                \n        <\/div><div class=\"aiovg-row\">            \n        <div class=\"aiovg-col aiovg-col-3\">\n            \n<div class=\"aiovg-thumbnail aiovg-thumbnail-style-image-top\" data-id=\"3597\">\n    <a href=\"http:\/\/aliagagemi.com\/en\/aiovg_videos\/petrobras-16-petrobras-17\/\" class=\"aiovg-responsive-container\" style=\"padding-bottom: 56.25%;\">\n        <img decoding=\"async\" src=\"https:\/\/img.youtube.com\/vi\/TvMEez1bdwk\/mqdefault.jpg\" alt=\"Petrobras 16 &#038; Petrobras 17\" class=\"aiovg-responsive-element\" \/>                    \n        \n                \n        <svg class=\"aiovg-svg-icon aiovg-svg-icon-play\" width=\"32\" height=\"32\" viewbox=\"0 0 32 32\">\n            <path d=\"M16 0c-8.837 0-16 7.163-16 16s7.163 16 16 16 16-7.163 16-16-7.163-16-16-16zM16 29c-7.18 0-13-5.82-13-13s5.82-13 13-13 13 5.82 13 13-5.82 13-13 13zM12 9l12 7-12 7z\"><\/path>\n        <\/svg>\n    <\/a>    \t\n    \n    <div class=\"aiovg-caption\">\n                    <div class=\"aiovg-title\">\n                <a href=\"http:\/\/aliagagemi.com\/en\/aiovg_videos\/petrobras-16-petrobras-17\/\" class=\"aiovg-link-title\">Petrobras 16 &#038; Petrobras 17<\/a>\n            <\/div>\n        \n                    \n                \n        <div class=\"aiovg-category\"><svg class=\"aiovg-svg-icon aiovg-svg-icon-categories\" width=\"16\" height=\"16\" viewbox=\"0 0 32 32\"><path d=\"M26 30l6-16h-26l-6 16zM4 12l-4 18v-26h9l4 4h13v4z\"><\/path><\/svg> <a href=\"http:\/\/aliagagemi.com\/en\/video-category\/gemi-ve-platform-sokum-video\/\" class=\"aiovg-link-category\">Ship and Platform Dismantling<\/a><\/div>\n                \n                    <div class=\"aiovg-views aiovg-text-muted\">\n                <svg class=\"aiovg-svg-icon aiovg-svg-icon-views\" width=\"16\" height=\"16\" viewbox=\"0 0 32 32\">\n                    <path d=\"M16 6c-6.979 0-13.028 4.064-16 10 2.972 5.936 9.021 10 16 10s13.027-4.064 16-10c-2.972-5.936-9.021-10-16-10zM23.889 11.303c1.88 1.199 3.473 2.805 4.67 4.697-1.197 1.891-2.79 3.498-4.67 4.697-2.362 1.507-5.090 2.303-7.889 2.303s-5.527-0.796-7.889-2.303c-1.88-1.199-3.473-2.805-4.67-4.697 1.197-1.891 2.79-3.498 4.67-4.697 0.122-0.078 0.246-0.154 0.371-0.228-0.311 0.854-0.482 1.776-0.482 2.737 0 4.418 3.582 8 8 8s8-3.582 8-8c0-0.962-0.17-1.883-0.482-2.737 0.124 0.074 0.248 0.15 0.371 0.228v0zM16 13c0 1.657-1.343 3-3 3s-3-1.343-3-3 1.343-3 3-3 3 1.343 3 3z\"><\/path>\n                <\/svg> \n                2 views            <\/div>\n            <\/div>\n<\/div>            \n        <\/div>                \n        <\/div><\/div>","protected":false},"excerpt":{"rendered":"","protected":false},"author":1,"featured_media":0,"parent":0,"menu_order":0,"comment_status":"closed","ping_status":"closed","template":"","meta":{"footnotes":""},"class_list":["post-3590","page","type-page","status-publish","hentry","post-has-thumbnail"],"_links":{"self":[{"href":"http:\/\/aliagagemi.com\/en\/wp-json\/wp\/v2\/pages\/3590","targetHints":{"allow":["GET"]}}],"collection":[{"href":"http:\/\/aliagagemi.com\/en\/wp-json\/wp\/v2\/pages"}],"about":[{"href":"http:\/\/aliagagemi.com\/en\/wp-json\/wp\/v2\/types\/page"}],"author":[{"embeddable":true,"href":"http:\/\/aliagagemi.com\/en\/wp-json\/wp\/v2\/users\/1"}],"replies":[{"embeddable":true,"href":"http:\/\/aliagagemi.com\/en\/wp-json\/wp\/v2\/comments?post=3590"}],"version-history":[{"count":2,"href":"http:\/\/aliagagemi.com\/en\/wp-json\/wp\/v2\/pages\/3590\/revisions"}],"predecessor-version":[{"id":3599,"href":"http:\/\/aliagagemi.com\/en\/wp-json\/wp\/v2\/pages\/3590\/revisions\/3599"}],"wp:attachment":[{"href":"http:\/\/aliagagemi.com\/en\/wp-json\/wp\/v2\/media?parent=3590"}],"curies":[{"name":"wp","href":"https:\/\/api.w.org\/{rel}","templated":true}]}}